{"id":862,"date":"2016-10-14T08:35:23","date_gmt":"2016-10-14T06:35:23","guid":{"rendered":"http:\/\/www.nipt.se\/studies\/"},"modified":"2024-09-30T14:46:23","modified_gmt":"2024-09-30T12:46:23","slug":"calismalar","status":"publish","type":"page","link":"https:\/\/nipt.se\/tr\/calismalar\/","title":{"rendered":"\u00c7al\u0131\u015fmalar"},"content":{"rendered":"","protected":false},"excerpt":{"rendered":"","protected":false},"author":7,"featured_media":0,"parent":0,"menu_order":15,"comment_status":"closed","ping_status":"closed","template":"","meta":{"_acf_changed":false,"footnotes":""},"acf":[],"_links":{"self":[{"href":"https:\/\/nipt.se\/tr\/wp-json\/wp\/v2\/pages\/862"}],"collection":[{"href":"https:\/\/nipt.se\/tr\/wp-json\/wp\/v2\/pages"}],"about":[{"href":"https:\/\/nipt.se\/tr\/wp-json\/wp\/v2\/types\/page"}],"author":[{"embeddable":true,"href":"https:\/\/nipt.se\/tr\/wp-json\/wp\/v2\/users\/7"}],"replies":[{"embeddable":true,"href":"https:\/\/nipt.se\/tr\/wp-json\/wp\/v2\/comments?post=862"}],"version-history":[{"count":13,"href":"https:\/\/nipt.se\/tr\/wp-json\/wp\/v2\/pages\/862\/revisions"}],"predecessor-version":[{"id":4161,"href":"https:\/\/nipt.se\/tr\/wp-json\/wp\/v2\/pages\/862\/revisions\/4161"}],"wp:attachment":[{"href":"https:\/\/nipt.se\/tr\/wp-json\/wp\/v2\/media?parent=862"}],"curies":[{"name":"wp","href":"https:\/\/api.w.org\/{rel}","templated":true}]}}