{"id":892,"date":"2016-10-20T10:49:35","date_gmt":"2016-10-20T08:49:35","guid":{"rendered":"http:\/\/www.nipt.se\/cookies-disclosure\/"},"modified":"2017-05-30T12:39:00","modified_gmt":"2017-05-30T10:39:00","slug":"cerez-aciklamasi","status":"publish","type":"page","link":"https:\/\/nipt.se\/tr\/cerez-aciklamasi\/","title":{"rendered":"\u00c7erez A\u00e7\u0131klamas\u0131"},"content":{"rendered":"","protected":false},"excerpt":{"rendered":"","protected":false},"author":7,"featured_media":0,"parent":0,"menu_order":103,"comment_status":"closed","ping_status":"closed","template":"","meta":{"_acf_changed":false,"footnotes":""},"acf":[],"_links":{"self":[{"href":"https:\/\/nipt.se\/tr\/wp-json\/wp\/v2\/pages\/892"}],"collection":[{"href":"https:\/\/nipt.se\/tr\/wp-json\/wp\/v2\/pages"}],"about":[{"href":"https:\/\/nipt.se\/tr\/wp-json\/wp\/v2\/types\/page"}],"author":[{"embeddable":true,"href":"https:\/\/nipt.se\/tr\/wp-json\/wp\/v2\/users\/7"}],"replies":[{"embeddable":true,"href":"https:\/\/nipt.se\/tr\/wp-json\/wp\/v2\/comments?post=892"}],"version-history":[{"count":2,"href":"https:\/\/nipt.se\/tr\/wp-json\/wp\/v2\/pages\/892\/revisions"}],"predecessor-version":[{"id":894,"href":"https:\/\/nipt.se\/tr\/wp-json\/wp\/v2\/pages\/892\/revisions\/894"}],"wp:attachment":[{"href":"https:\/\/nipt.se\/tr\/wp-json\/wp\/v2\/media?parent=892"}],"curies":[{"name":"wp","href":"https:\/\/api.w.org\/{rel}","templated":true}]}}